{"id":872,"date":"2022-06-17T09:59:14","date_gmt":"2022-06-17T07:59:14","guid":{"rendered":"https:\/\/www.masromarins.com\/?page_id=872"},"modified":"2022-07-08T15:58:24","modified_gmt":"2022-07-08T13:58:24","slug":"hotel-vaucluse-piscine","status":"publish","type":"page","link":"https:\/\/www.masromarins.com\/en\/hotel-charme-provence-luberon\/hotel-vaucluse-piscine\/","title":{"rendered":"Hotel Vaucluse swimming pool"},"content":{"rendered":"<div data-elementor-type=\"wp-page\" data-elementor-id=\"872\" class=\"elementor elementor-872\" data-elementor-post-type=\"page\">\n\t\t\t\t\t\t<section class=\"elementor-section elementor-top-section elementor-element elementor-element-84aefd6 elementor-section-full_width elementor-section-height-min-height elementor-section-height-default elementor-section-items-middle\" data-id=\"84aefd6\" data-element_type=\"section\" data-e-type=\"section\" data-settings=\"{&quot;background_background&quot;:&quot;classic&quot;}\">\n\t\t\t\t\t\t\t<div class=\"elementor-background-overlay\"><\/div>\n\t\t\t\t\t\t\t<div class=\"elementor-container elementor-column-gap-default\">\n\t\t\t\t\t<div class=\"elementor-column elementor-col-100 elementor-top-column elementor-element elementor-element-2728b3f\" data-id=\"2728b3f\" data-element_type=\"column\" data-e-type=\"column\">\n\t\t\t<div class=\"elementor-widget-wrap elementor-element-populated\">\n\t\t\t\t\t\t<div class=\"elementor-element elementor-element-934d926 elementor-invisible elementor-widget elementor-widget-heading\" data-id=\"934d926\" data-element_type=\"widget\" data-e-type=\"widget\" data-settings=\"{&quot;_animation&quot;:&quot;fadeInUp&quot;}\" data-widget_type=\"heading.default\">\n\t\t\t\t<div class=\"elementor-widget-container\">\n\t\t\t\t\t<h1 class=\"elementor-heading-title elementor-size-default\">The Vaucluse<\/h1>\t\t\t\t<\/div>\n\t\t\t\t<\/div>\n\t\t\t\t\t<\/div>\n\t\t<\/div>\n\t\t\t\t\t<\/div>\n\t\t<\/section>\n\t\t\t\t<section class=\"elementor-section elementor-top-section elementor-element elementor-element-4c78dd7 elementor-section-boxed elementor-section-height-default elementor-section-height-default\" data-id=\"4c78dd7\" data-element_type=\"section\" data-e-type=\"section\">\n\t\t\t\t\t\t<div class=\"elementor-container elementor-column-gap-default\">\n\t\t\t\t\t<div class=\"elementor-column elementor-col-100 elementor-top-column elementor-element elementor-element-3566ca3 elementor-invisible\" data-id=\"3566ca3\" data-element_type=\"column\" data-e-type=\"column\" data-settings=\"{&quot;background_background&quot;:&quot;classic&quot;,&quot;animation&quot;:&quot;fadeInUp&quot;,&quot;animation_delay&quot;:300,&quot;animation_mobile&quot;:&quot;none&quot;}\">\n\t\t\t<div class=\"elementor-widget-wrap elementor-element-populated\">\n\t\t\t\t\t\t<div class=\"elementor-element elementor-element-1844f6c elementor-widget elementor-widget-heading\" data-id=\"1844f6c\" data-element_type=\"widget\" data-e-type=\"widget\" data-widget_type=\"heading.default\">\n\t\t\t\t<div class=\"elementor-widget-container\">\n\t\t\t\t\t<h2 class=\"elementor-heading-title elementor-size-default\">Our hotel with pool<\/h2>\t\t\t\t<\/div>\n\t\t\t\t<\/div>\n\t\t\t\t<div class=\"elementor-element elementor-element-60ddfc9 elementor-widget elementor-widget-heading\" data-id=\"60ddfc9\" data-element_type=\"widget\" data-e-type=\"widget\" data-widget_type=\"heading.default\">\n\t\t\t\t<div class=\"elementor-widget-container\">\n\t\t\t\t\t<h3 class=\"elementor-heading-title elementor-size-default\">Opens the doors of the Vaucluse to you<\/h3>\t\t\t\t<\/div>\n\t\t\t\t<\/div>\n\t\t\t\t<div class=\"elementor-element elementor-element-f457011 elementor-widget elementor-widget-text-editor\" data-id=\"f457011\" data-element_type=\"widget\" data-e-type=\"widget\" data-widget_type=\"text-editor.default\">\n\t\t\t\t<div class=\"elementor-widget-container\">\n\t\t\t\t\t\t\t\t\t<p>Our hotel with swimming pool is located in the Vaucluse, a department that takes its name from one of its most beautiful villages: Fontaine de Vaucluse. It is named after a deep, enclosed valley (Vallis Clausa). In this incredibly picturesque area, many of the villages of the Vaucluse are classified among the most beautiful in France: Ansouis, Gordes, Lourmarin, M\u00e9nerbes, Roussillon, S\u00e9guret, V\u00e9nasque.<\/p><p>Marked by the diversity and great beauty of its landscapes, the richness of its cultural and historical heritage, visitors who have the pleasure of discovering the Vaucluse are won over by this land of outdoor activities, which becomes a land of festivals in summer.<\/p>\t\t\t\t\t\t\t\t<\/div>\n\t\t\t\t<\/div>\n\t\t\t\t<div class=\"elementor-element elementor-element-027e4cc elementor-align-center elementor-widget elementor-widget-button\" data-id=\"027e4cc\" data-element_type=\"widget\" data-e-type=\"widget\" data-widget_type=\"button.default\">\n\t\t\t\t<div class=\"elementor-widget-container\">\n\t\t\t\t\t\t\t\t\t<div class=\"elementor-button-wrapper\">\n\t\t\t\t\t<a class=\"elementor-button elementor-button-link elementor-size-sm\" href=\"https:\/\/www.masromarins.com\/en\/hotel-charme-provence-luberon\/\">\n\t\t\t\t\t\t<span class=\"elementor-button-content-wrapper\">\n\t\t\t\t\t\t<span class=\"elementor-button-icon\">\n\t\t\t\t<svg xmlns=\"http:\/\/www.w3.org\/2000\/svg\" width=\"14\" height=\"20\" viewbox=\"0 0 14 20\"><text id=\"_\" data-name=\"&lt;\" fill=\"#546e44\" font-size=\"15\" font-family=\"SegoeUI-Italic, Segoe UI\" font-style=\"italic\"><tspan x=\"0\" y=\"16\">&lt;<\/tspan><\/text><\/svg>\t\t\t<\/span>\n\t\t\t\t\t\t\t\t\t<span class=\"elementor-button-text\">back<\/span>\n\t\t\t\t\t<\/span>\n\t\t\t\t\t<\/a>\n\t\t\t\t<\/div>\n\t\t\t\t\t\t\t\t<\/div>\n\t\t\t\t<\/div>\n\t\t\t\t\t<\/div>\n\t\t<\/div>\n\t\t\t\t\t<\/div>\n\t\t<\/section>\n\t\t\t\t<section class=\"elementor-section elementor-top-section elementor-element elementor-element-aae8d32 elementor-section-full_width elementor-section-height-default elementor-section-height-default\" data-id=\"aae8d32\" data-element_type=\"section\" data-e-type=\"section\" data-settings=\"{&quot;background_background&quot;:&quot;classic&quot;}\">\n\t\t\t\t\t\t\t<div class=\"elementor-background-overlay\"><\/div>\n\t\t\t\t\t\t\t<div class=\"elementor-container elementor-column-gap-default\">\n\t\t\t\t\t<div class=\"elementor-column elementor-col-100 elementor-top-column elementor-element elementor-element-724fea2\" data-id=\"724fea2\" data-element_type=\"column\" data-e-type=\"column\">\n\t\t\t<div class=\"elementor-widget-wrap elementor-element-populated\">\n\t\t\t\t\t\t<section class=\"elementor-section elementor-inner-section elementor-element elementor-element-83797cb ecrantype1 inverse elementor-reverse-mobile elementor-section-boxed elementor-section-height-default elementor-section-height-default\" data-id=\"83797cb\" data-element_type=\"section\" data-e-type=\"section\" data-settings=\"{&quot;background_background&quot;:&quot;classic&quot;}\">\n\t\t\t\t\t\t<div class=\"elementor-container elementor-column-gap-default\">\n\t\t\t\t\t<div class=\"elementor-column elementor-col-50 elementor-inner-column elementor-element elementor-element-082ca3f elementor-invisible\" data-id=\"082ca3f\" data-element_type=\"column\" data-e-type=\"column\" data-settings=\"{&quot;animation&quot;:&quot;fadeIn&quot;,&quot;animation_mobile&quot;:&quot;none&quot;}\">\n\t\t\t<div class=\"elementor-widget-wrap elementor-element-populated\">\n\t\t\t\t\t\t<div class=\"elementor-element elementor-element-787151e image-ecran elementor-widget elementor-widget-image\" data-id=\"787151e\" data-element_type=\"widget\" data-e-type=\"widget\" data-widget_type=\"image.default\">\n\t\t\t\t<div class=\"elementor-widget-container\">\n\t\t\t\t\t\t\t\t\t\t\t\t\t\t\t<img decoding=\"async\" src=\"https:\/\/www.masromarins.com\/wp-content\/uploads\/elementor\/thumbs\/fountain-of-vaucluse-picture-id658510044-prgsbggimobqhxrx9sh4fs3c6anqw9cetomgxehiig.jpg\" title=\"fountain-of-vaucluse-picture-id658510044\" alt=\"fountain-of-vaucluse-picture-id658510044\" loading=\"lazy\" \/>\t\t\t\t\t\t\t\t\t\t\t\t\t\t\t<\/div>\n\t\t\t\t<\/div>\n\t\t\t\t\t<\/div>\n\t\t<\/div>\n\t\t\t\t<div class=\"elementor-column elementor-col-50 elementor-inner-column elementor-element elementor-element-8059efe ecrantype1-col-texte\" data-id=\"8059efe\" data-element_type=\"column\" data-e-type=\"column\" data-settings=\"{&quot;background_background&quot;:&quot;classic&quot;}\">\n\t\t\t<div class=\"elementor-widget-wrap elementor-element-populated\">\n\t\t\t\t\t\t<div class=\"elementor-element elementor-element-00a3575 elementor-widget elementor-widget-heading\" data-id=\"00a3575\" data-element_type=\"widget\" data-e-type=\"widget\" data-widget_type=\"heading.default\">\n\t\t\t\t<div class=\"elementor-widget-container\">\n\t\t\t\t\t<h2 class=\"elementor-heading-title elementor-size-default\">Discover the Vaucluse<\/h2>\t\t\t\t<\/div>\n\t\t\t\t<\/div>\n\t\t\t\t<div class=\"elementor-element elementor-element-6e65e49 elementor-widget elementor-widget-heading\" data-id=\"6e65e49\" data-element_type=\"widget\" data-e-type=\"widget\" data-widget_type=\"heading.default\">\n\t\t\t\t<div class=\"elementor-widget-container\">\n\t\t\t\t\t<h3 class=\"elementor-heading-title elementor-size-default\">Lifestyle and natural areas<\/h3>\t\t\t\t<\/div>\n\t\t\t\t<\/div>\n\t\t\t\t<div class=\"elementor-element elementor-element-d86a876 elementor-widget elementor-widget-text-editor\" data-id=\"d86a876\" data-element_type=\"widget\" data-e-type=\"widget\" data-widget_type=\"text-editor.default\">\n\t\t\t\t<div class=\"elementor-widget-container\">\n\t\t\t\t\t\t\t\t\t<p>From Orange to Avignon, from Vaison-la-Romaine to Lacoste, lovers of theatre, opera, dance and lyrical music from all over the world meet in this little corner of paradise where the heart of Provence beats.<\/p><p>Here, one can no longer count the sites that have acquired international renown, nor the products that make up the richness of this exceptional land: truffles, olives, primeurs and of course the wines that the Romans as well as the popes have acclaimed or blessed.<\/p><p>From the Luberon to the summit of Mont Ventoux, the Vaucluse offers a formidable playground with its extraordinary variety of landscapes. Outdoor activities take on their full meaning here: hiking, cycling, horse riding, donkey riding, canoeing, canyoning, hot air ballooning, golf...<\/p>\t\t\t\t\t\t\t\t<\/div>\n\t\t\t\t<\/div>\n\t\t\t\t\t<\/div>\n\t\t<\/div>\n\t\t\t\t\t<\/div>\n\t\t<\/section>\n\t\t\t\t\t<\/div>\n\t\t<\/div>\n\t\t\t\t\t<\/div>\n\t\t<\/section>\n\t\t\t\t<section class=\"elementor-section elementor-top-section elementor-element elementor-element-6f4672a elementor-section-full_width elementor-section-height-default elementor-section-height-default\" data-id=\"6f4672a\" data-element_type=\"section\" data-e-type=\"section\">\n\t\t\t\t\t\t<div class=\"elementor-container elementor-column-gap-default\">\n\t\t\t\t\t<div class=\"elementor-column elementor-col-100 elementor-top-column elementor-element elementor-element-c1b5089\" data-id=\"c1b5089\" data-element_type=\"column\" data-e-type=\"column\">\n\t\t\t<div class=\"elementor-widget-wrap elementor-element-populated\">\n\t\t\t\t\t\t<section class=\"elementor-section elementor-inner-section elementor-element elementor-element-f5af46b elementor-section-boxed elementor-section-height-default elementor-section-height-default elementor-invisible\" data-id=\"f5af46b\" data-element_type=\"section\" data-e-type=\"section\" id=\"swiper-tourisme\" data-settings=\"{&quot;animation&quot;:&quot;fadeInUp&quot;}\">\n\t\t\t\t\t\t<div class=\"elementor-container elementor-column-gap-default\">\n\t\t\t\t\t<div class=\"elementor-column elementor-col-100 elementor-inner-column elementor-element elementor-element-44dbd6e\" data-id=\"44dbd6e\" data-element_type=\"column\" data-e-type=\"column\">\n\t\t\t<div class=\"elementor-widget-wrap elementor-element-populated\">\n\t\t\t\t\t\t<div class=\"elementor-element elementor-element-b2f5a40 elementor-posts--align-center elementor-grid-3 elementor-grid-tablet-2 elementor-grid-mobile-1 elementor-posts--thumbnail-top elementor-widget elementor-widget-posts\" data-id=\"b2f5a40\" data-element_type=\"widget\" data-e-type=\"widget\" data-settings=\"{&quot;classic_row_gap&quot;:{&quot;unit&quot;:&quot;px&quot;,&quot;size&quot;:30,&quot;sizes&quot;:[]},&quot;classic_columns&quot;:&quot;3&quot;,&quot;classic_columns_tablet&quot;:&quot;2&quot;,&quot;classic_columns_mobile&quot;:&quot;1&quot;,&quot;classic_row_gap_tablet&quot;:{&quot;unit&quot;:&quot;px&quot;,&quot;size&quot;:&quot;&quot;,&quot;sizes&quot;:[]},&quot;classic_row_gap_mobile_extra&quot;:{&quot;unit&quot;:&quot;px&quot;,&quot;size&quot;:&quot;&quot;,&quot;sizes&quot;:[]},&quot;classic_row_gap_mobile&quot;:{&quot;unit&quot;:&quot;px&quot;,&quot;size&quot;:&quot;&quot;,&quot;sizes&quot;:[]}}\" data-widget_type=\"posts.classic\">\n\t\t\t\t<div class=\"elementor-widget-container\">\n\t\t\t\t\t\t\t<div class=\"elementor-posts-container elementor-posts elementor-posts--skin-classic elementor-grid\" role=\"list\">\n\t\t\t\t<article class=\"elementor-post elementor-grid-item post-870 page type-page status-publish has-post-thumbnail hentry\" role=\"listitem\">\n\t\t\t\t<a class=\"elementor-post__thumbnail__link\" href=\"https:\/\/www.masromarins.com\/en\/hotel-charme-provence-luberon\/hotel-en-provence-avec-piscine\/\" tabindex=\"-1\" >\n\t\t\t<div class=\"elementor-post__thumbnail\"><img fetchpriority=\"high\" decoding=\"async\" width=\"372\" height=\"384\" src=\"https:\/\/www.masromarins.com\/wp-content\/uploads\/2022\/06\/5a605fdcee50d3308d6dce2fbba3cd3a81fbd6e5.jpeg\" class=\"attachment-full size-full wp-image-530\" alt=\"\" title=\"Photo -\" srcset=\"https:\/\/www.masromarins.com\/wp-content\/uploads\/2022\/06\/5a605fdcee50d3308d6dce2fbba3cd3a81fbd6e5.jpeg 372w, https:\/\/www.masromarins.com\/wp-content\/uploads\/2022\/06\/5a605fdcee50d3308d6dce2fbba3cd3a81fbd6e5-291x300.jpeg 291w, https:\/\/www.masromarins.com\/wp-content\/uploads\/2022\/06\/5a605fdcee50d3308d6dce2fbba3cd3a81fbd6e5-12x12.jpeg 12w\" sizes=\"(max-width: 372px) 100vw, 372px\" \/><\/div>\n\t\t<\/a>\n\t\t\t\t<div class=\"elementor-post__text\">\n\t\t\t\t<h3 class=\"elementor-post__title\">\n\t\t\t<a href=\"https:\/\/www.masromarins.com\/en\/hotel-charme-provence-luberon\/hotel-en-provence-avec-piscine\/\" >\n\t\t\t\tHotel in Provence with swimming pool\t\t\t<\/a>\n\t\t<\/h3>\n\t\t\t\t<div class=\"elementor-post__excerpt\">\n\t\t\t<p>The region at your feet<\/p>\n\t\t<\/div>\n\t\t\t\t\t<div class=\"elementor-post__read-more-wrapper\">\n\t\t\n\t\t<a class=\"elementor-post__read-more\" href=\"https:\/\/www.masromarins.com\/en\/hotel-charme-provence-luberon\/hotel-en-provence-avec-piscine\/\" aria-label=\"Read more about Hotel in Provence with swimming pool\" tabindex=\"-1\" >\n\t\t\tdiscover\t\t<\/a>\n\n\t\t\t\t\t<\/div>\n\t\t\t\t<\/div>\n\t\t\t\t<\/article>\n\t\t\t\t<article class=\"elementor-post elementor-grid-item post-874 page type-page status-publish has-post-thumbnail hentry\" role=\"listitem\">\n\t\t\t\t<a class=\"elementor-post__thumbnail__link\" href=\"https:\/\/www.masromarins.com\/en\/hotel-charme-provence-luberon\/hotel-luberon\/\" tabindex=\"-1\" >\n\t\t\t<div class=\"elementor-post__thumbnail\"><img decoding=\"async\" width=\"955\" height=\"350\" src=\"https:\/\/www.masromarins.com\/wp-content\/uploads\/2022\/06\/46d8640ceeae501801fa90a3289efd372c128cde.jpeg\" class=\"attachment-full size-full wp-image-901\" alt=\"\" title=\"Photo -\" srcset=\"https:\/\/www.masromarins.com\/wp-content\/uploads\/2022\/06\/46d8640ceeae501801fa90a3289efd372c128cde.jpeg 955w, https:\/\/www.masromarins.com\/wp-content\/uploads\/2022\/06\/46d8640ceeae501801fa90a3289efd372c128cde-300x110.jpeg 300w, https:\/\/www.masromarins.com\/wp-content\/uploads\/2022\/06\/46d8640ceeae501801fa90a3289efd372c128cde-768x281.jpeg 768w, https:\/\/www.masromarins.com\/wp-content\/uploads\/2022\/06\/46d8640ceeae501801fa90a3289efd372c128cde-18x7.jpeg 18w\" sizes=\"(max-width: 955px) 100vw, 955px\" \/><\/div>\n\t\t<\/a>\n\t\t\t\t<div class=\"elementor-post__text\">\n\t\t\t\t<h3 class=\"elementor-post__title\">\n\t\t\t<a href=\"https:\/\/www.masromarins.com\/en\/hotel-charme-provence-luberon\/hotel-luberon\/\" >\n\t\t\t\tHotel Luberon\t\t\t<\/a>\n\t\t<\/h3>\n\t\t\t\t<div class=\"elementor-post__excerpt\">\n\t\t\t<p>In the heart of Provence<\/p>\n\t\t<\/div>\n\t\t\t\t\t<div class=\"elementor-post__read-more-wrapper\">\n\t\t\n\t\t<a class=\"elementor-post__read-more\" href=\"https:\/\/www.masromarins.com\/en\/hotel-charme-provence-luberon\/hotel-luberon\/\" aria-label=\"Read more about Hotel Luberon\" tabindex=\"-1\" >\n\t\t\tdiscover\t\t<\/a>\n\n\t\t\t\t\t<\/div>\n\t\t\t\t<\/div>\n\t\t\t\t<\/article>\n\t\t\t\t<article class=\"elementor-post elementor-grid-item post-876 page type-page status-publish has-post-thumbnail hentry\" role=\"listitem\">\n\t\t\t\t<a class=\"elementor-post__thumbnail__link\" href=\"https:\/\/www.masromarins.com\/en\/hotel-charme-provence-luberon\/sejour-luberon\/\" tabindex=\"-1\" >\n\t\t\t<div class=\"elementor-post__thumbnail\"><img decoding=\"async\" width=\"955\" height=\"350\" src=\"https:\/\/www.masromarins.com\/wp-content\/uploads\/2022\/06\/8dfe4d6da52981ce8f9aaf3e7f5edbd507fc1178.jpeg\" class=\"attachment-full size-full wp-image-903\" alt=\"\" title=\"Photo -\" srcset=\"https:\/\/www.masromarins.com\/wp-content\/uploads\/2022\/06\/8dfe4d6da52981ce8f9aaf3e7f5edbd507fc1178.jpeg 955w, https:\/\/www.masromarins.com\/wp-content\/uploads\/2022\/06\/8dfe4d6da52981ce8f9aaf3e7f5edbd507fc1178-300x110.jpeg 300w, https:\/\/www.masromarins.com\/wp-content\/uploads\/2022\/06\/8dfe4d6da52981ce8f9aaf3e7f5edbd507fc1178-768x281.jpeg 768w, https:\/\/www.masromarins.com\/wp-content\/uploads\/2022\/06\/8dfe4d6da52981ce8f9aaf3e7f5edbd507fc1178-18x7.jpeg 18w\" sizes=\"(max-width: 955px) 100vw, 955px\" \/><\/div>\n\t\t<\/a>\n\t\t\t\t<div class=\"elementor-post__text\">\n\t\t\t\t<h3 class=\"elementor-post__title\">\n\t\t\t<a href=\"https:\/\/www.masromarins.com\/en\/hotel-charme-provence-luberon\/sejour-luberon\/\" >\n\t\t\t\tLuberon stay\t\t\t<\/a>\n\t\t<\/h3>\n\t\t\t\t<div class=\"elementor-post__excerpt\">\n\t\t\t<p>must-haves<\/p>\n\t\t<\/div>\n\t\t\t\t\t<div class=\"elementor-post__read-more-wrapper\">\n\t\t\n\t\t<a class=\"elementor-post__read-more\" href=\"https:\/\/www.masromarins.com\/en\/hotel-charme-provence-luberon\/sejour-luberon\/\" aria-label=\"Read more about Sejour Luberon\" tabindex=\"-1\" >\n\t\t\tdiscover\t\t<\/a>\n\n\t\t\t\t\t<\/div>\n\t\t\t\t<\/div>\n\t\t\t\t<\/article>\n\t\t\t\t<article class=\"elementor-post elementor-grid-item post-878 page type-page status-publish has-post-thumbnail hentry\" role=\"listitem\">\n\t\t\t\t<a class=\"elementor-post__thumbnail__link\" href=\"https:\/\/www.masromarins.com\/en\/hotel-charme-provence-luberon\/hotel-gordes-luberon\/\" tabindex=\"-1\" >\n\t\t\t<div class=\"elementor-post__thumbnail\"><img loading=\"lazy\" decoding=\"async\" width=\"955\" height=\"350\" src=\"https:\/\/www.masromarins.com\/wp-content\/uploads\/2022\/06\/dcfa84c16475fb31912c7a30e7de085d46c4d4eb.jpeg\" class=\"attachment-full size-full wp-image-417\" alt=\"\" title=\"Photo -\" srcset=\"https:\/\/www.masromarins.com\/wp-content\/uploads\/2022\/06\/dcfa84c16475fb31912c7a30e7de085d46c4d4eb.jpeg 955w, https:\/\/www.masromarins.com\/wp-content\/uploads\/2022\/06\/dcfa84c16475fb31912c7a30e7de085d46c4d4eb-300x110.jpeg 300w, https:\/\/www.masromarins.com\/wp-content\/uploads\/2022\/06\/dcfa84c16475fb31912c7a30e7de085d46c4d4eb-768x281.jpeg 768w, https:\/\/www.masromarins.com\/wp-content\/uploads\/2022\/06\/dcfa84c16475fb31912c7a30e7de085d46c4d4eb-18x7.jpeg 18w\" sizes=\"(max-width: 955px) 100vw, 955px\" \/><\/div>\n\t\t<\/a>\n\t\t\t\t<div class=\"elementor-post__text\">\n\t\t\t\t<h3 class=\"elementor-post__title\">\n\t\t\t<a href=\"https:\/\/www.masromarins.com\/en\/hotel-charme-provence-luberon\/hotel-gordes-luberon\/\" >\n\t\t\t\tHotel Gordes Luberon\t\t\t<\/a>\n\t\t<\/h3>\n\t\t\t\t<div class=\"elementor-post__excerpt\">\n\t\t\t<p>one of the most beautiful villages in France<\/p>\n\t\t<\/div>\n\t\t\t\t\t<div class=\"elementor-post__read-more-wrapper\">\n\t\t\n\t\t<a class=\"elementor-post__read-more\" href=\"https:\/\/www.masromarins.com\/en\/hotel-charme-provence-luberon\/hotel-gordes-luberon\/\" aria-label=\"Read more about Hotel Gordes Luberon\" tabindex=\"-1\" >\n\t\t\tdiscover\t\t<\/a>\n\n\t\t\t\t\t<\/div>\n\t\t\t\t<\/div>\n\t\t\t\t<\/article>\n\t\t\t\t<\/div>\n\t\t\n\t\t\t\t\t\t<\/div>\n\t\t\t\t<\/div>\n\t\t\t\t\t<\/div>\n\t\t<\/div>\n\t\t\t\t\t<\/div>\n\t\t<\/section>\n\t\t\t\t\t<\/div>\n\t\t<\/div>\n\t\t\t\t\t<\/div>\n\t\t<\/section>\n\t\t\t\t<section class=\"elementor-section elementor-top-section elementor-element elementor-element-e5faa21 section-button-tourisme elementor-section-boxed elementor-section-height-default elementor-section-height-default\" data-id=\"e5faa21\" data-element_type=\"section\" data-e-type=\"section\">\n\t\t\t\t\t\t<div class=\"elementor-container elementor-column-gap-default\">\n\t\t\t\t\t<div class=\"elementor-column elementor-col-100 elementor-top-column elementor-element elementor-element-90a9748\" data-id=\"90a9748\" data-element_type=\"column\" data-e-type=\"column\">\n\t\t\t<div class=\"elementor-widget-wrap elementor-element-populated\">\n\t\t\t\t\t\t<section class=\"elementor-section elementor-inner-section elementor-element elementor-element-82ef37e section-button-offres elementor-section-boxed elementor-section-height-default elementor-section-height-default\" data-id=\"82ef37e\" data-element_type=\"section\" data-e-type=\"section\">\n\t\t\t\t\t\t<div class=\"elementor-container elementor-column-gap-default\">\n\t\t\t\t\t<div class=\"elementor-column elementor-col-50 elementor-inner-column elementor-element elementor-element-d18cc78\" data-id=\"d18cc78\" data-element_type=\"column\" data-e-type=\"column\">\n\t\t\t<div class=\"elementor-widget-wrap elementor-element-populated\">\n\t\t\t\t\t\t<div class=\"elementor-element elementor-element-7f28ac5 swiper-icon-prev elementor-view-default elementor-widget elementor-widget-icon\" data-id=\"7f28ac5\" data-element_type=\"widget\" data-e-type=\"widget\" data-widget_type=\"icon.default\">\n\t\t\t\t<div class=\"elementor-widget-container\">\n\t\t\t\t\t\t\t<div class=\"elementor-icon-wrapper\">\n\t\t\t<div class=\"elementor-icon\">\n\t\t\t<i aria-hidden=\"true\" class=\"eliofont eliofont-arrow-left\"><\/i>\t\t\t<\/div>\n\t\t<\/div>\n\t\t\t\t\t\t<\/div>\n\t\t\t\t<\/div>\n\t\t\t\t\t<\/div>\n\t\t<\/div>\n\t\t\t\t<div class=\"elementor-column elementor-col-50 elementor-inner-column elementor-element elementor-element-544a35f\" data-id=\"544a35f\" data-element_type=\"column\" data-e-type=\"column\">\n\t\t\t<div class=\"elementor-widget-wrap elementor-element-populated\">\n\t\t\t\t\t\t<div class=\"elementor-element elementor-element-3a01742 swiper-icon-next elementor-view-default elementor-widget elementor-widget-icon\" data-id=\"3a01742\" data-element_type=\"widget\" data-e-type=\"widget\" data-widget_type=\"icon.default\">\n\t\t\t\t<div class=\"elementor-widget-container\">\n\t\t\t\t\t\t\t<div class=\"elementor-icon-wrapper\">\n\t\t\t<div class=\"elementor-icon\">\n\t\t\t<i aria-hidden=\"true\" class=\"eliofont eliofont-arrow-right\"><\/i>\t\t\t<\/div>\n\t\t<\/div>\n\t\t\t\t\t\t<\/div>\n\t\t\t\t<\/div>\n\t\t\t\t\t<\/div>\n\t\t<\/div>\n\t\t\t\t\t<\/div>\n\t\t<\/section>\n\t\t\t\t\t<\/div>\n\t\t<\/div>\n\t\t\t\t\t<\/div>\n\t\t<\/section>\n\t\t\t\t<\/div>","protected":false},"excerpt":{"rendered":"<p>Lifestyle and natural areas<\/p>","protected":false},"author":6,"featured_media":886,"parent":219,"menu_order":1,"comment_status":"closed","ping_status":"closed","template":"","meta":{"inline_featured_image":false,"footnotes":""},"class_list":["post-872","page","type-page","status-publish","has-post-thumbnail","hentry"],"_links":{"self":[{"href":"https:\/\/www.masromarins.com\/en\/wp-json\/wp\/v2\/pages\/872","targetHints":{"allow":["GET"]}}],"collection":[{"href":"https:\/\/www.masromarins.com\/en\/wp-json\/wp\/v2\/pages"}],"about":[{"href":"https:\/\/www.masromarins.com\/en\/wp-json\/wp\/v2\/types\/page"}],"author":[{"embeddable":true,"href":"https:\/\/www.masromarins.com\/en\/wp-json\/wp\/v2\/users\/6"}],"replies":[{"embeddable":true,"href":"https:\/\/www.masromarins.com\/en\/wp-json\/wp\/v2\/comments?post=872"}],"version-history":[{"count":33,"href":"https:\/\/www.masromarins.com\/en\/wp-json\/wp\/v2\/pages\/872\/revisions"}],"predecessor-version":[{"id":2640,"href":"https:\/\/www.masromarins.com\/en\/wp-json\/wp\/v2\/pages\/872\/revisions\/2640"}],"up":[{"embeddable":true,"href":"https:\/\/www.masromarins.com\/en\/wp-json\/wp\/v2\/pages\/219"}],"wp:featuredmedia":[{"embeddable":true,"href":"https:\/\/www.masromarins.com\/en\/wp-json\/wp\/v2\/media\/886"}],"wp:attachment":[{"href":"https:\/\/www.masromarins.com\/en\/wp-json\/wp\/v2\/media?parent=872"}],"curies":[{"name":"wp","href":"https:\/\/api.w.org\/{rel}","templated":true}]}}