{"id":241,"date":"2022-06-15T16:10:06","date_gmt":"2022-06-15T14:10:06","guid":{"rendered":"https:\/\/www.masromarins.com\/?page_id=241"},"modified":"2025-08-01T11:54:34","modified_gmt":"2025-08-01T09:54:34","slug":"tariffs","status":"publish","type":"page","link":"https:\/\/www.masromarins.com\/en\/tarifs\/","title":{"rendered":"Rates"},"content":{"rendered":"<div data-elementor-type=\"wp-page\" data-elementor-id=\"241\" class=\"elementor elementor-241\" data-elementor-post-type=\"page\">\n\t\t\t\t\t\t<section class=\"elementor-section elementor-top-section elementor-element elementor-element-43148b6 elementor-section-full_width elementor-section-height-min-height elementor-section-height-default elementor-section-items-middle\" data-id=\"43148b6\" data-element_type=\"section\" data-e-type=\"section\" data-settings=\"{&quot;background_background&quot;:&quot;classic&quot;}\">\n\t\t\t\t\t\t\t<div class=\"elementor-background-overlay\"><\/div>\n\t\t\t\t\t\t\t<div class=\"elementor-container elementor-column-gap-default\">\n\t\t\t\t\t<div class=\"elementor-column elementor-col-100 elementor-top-column elementor-element elementor-element-6378fae\" data-id=\"6378fae\" data-element_type=\"column\" data-e-type=\"column\">\n\t\t\t<div class=\"elementor-widget-wrap elementor-element-populated\">\n\t\t\t\t\t\t<div class=\"elementor-element elementor-element-dd553df elementor-invisible elementor-widget elementor-widget-heading\" data-id=\"dd553df\" data-element_type=\"widget\" data-e-type=\"widget\" data-settings=\"{&quot;_animation&quot;:&quot;fadeInUp&quot;}\" data-widget_type=\"heading.default\">\n\t\t\t\t<div class=\"elementor-widget-container\">\n\t\t\t\t\t<p class=\"elementor-heading-title elementor-size-default\">RATES<\/p>\t\t\t\t<\/div>\n\t\t\t\t<\/div>\n\t\t\t\t\t<\/div>\n\t\t<\/div>\n\t\t\t\t\t<\/div>\n\t\t<\/section>\n\t\t\t\t<section class=\"elementor-section elementor-top-section elementor-element elementor-element-8fc0cac elementor-section-boxed elementor-section-height-default elementor-section-height-default\" data-id=\"8fc0cac\" data-element_type=\"section\" data-e-type=\"section\">\n\t\t\t\t\t\t<div class=\"elementor-container elementor-column-gap-default\">\n\t\t\t\t\t<div class=\"elementor-column elementor-col-100 elementor-top-column elementor-element elementor-element-2f94edc elementor-invisible\" data-id=\"2f94edc\" data-element_type=\"column\" data-e-type=\"column\" data-settings=\"{&quot;background_background&quot;:&quot;classic&quot;,&quot;animation&quot;:&quot;fadeInUp&quot;,&quot;animation_delay&quot;:300,&quot;animation_mobile&quot;:&quot;none&quot;}\">\n\t\t\t<div class=\"elementor-widget-wrap elementor-element-populated\">\n\t\t\t\t\t\t<div class=\"elementor-element elementor-element-7816fbb elementor-widget elementor-widget-heading\" data-id=\"7816fbb\" data-element_type=\"widget\" data-e-type=\"widget\" data-widget_type=\"heading.default\">\n\t\t\t\t<div class=\"elementor-widget-container\">\n\t\t\t\t\t<h1 class=\"elementor-heading-title elementor-size-default\">Find out more about the rates<\/h1>\t\t\t\t<\/div>\n\t\t\t\t<\/div>\n\t\t\t\t<div class=\"elementor-element elementor-element-7a1e445 elementor-widget elementor-widget-heading\" data-id=\"7a1e445\" data-element_type=\"widget\" data-e-type=\"widget\" data-widget_type=\"heading.default\">\n\t\t\t\t<div class=\"elementor-widget-container\">\n\t\t\t\t\t<h2 class=\"elementor-heading-title elementor-size-default\">In force at Mas des Romarins<\/h2>\t\t\t\t<\/div>\n\t\t\t\t<\/div>\n\t\t\t\t<div class=\"elementor-element elementor-element-a36ebf4 elementor-widget elementor-widget-text-editor\" data-id=\"a36ebf4\" data-element_type=\"widget\" data-e-type=\"widget\" data-widget_type=\"text-editor.default\">\n\t\t\t\t<div class=\"elementor-widget-container\">\n\t\t\t\t\t\t\t\t\t<p>Organise your stay in our hotel in Gordes today. Our rates are based on a double room for the use of the double bed. The prices shown are net in Euros.<\/p>\t\t\t\t\t\t\t\t<\/div>\n\t\t\t\t<\/div>\n\t\t\t\t\t<\/div>\n\t\t<\/div>\n\t\t\t\t\t<\/div>\n\t\t<\/section>\n\t\t\t\t<section class=\"elementor-section elementor-top-section elementor-element elementor-element-cbd47d1 elementor-section-boxed elementor-section-height-default elementor-section-height-default\" data-id=\"cbd47d1\" data-element_type=\"section\" data-e-type=\"section\" data-settings=\"{&quot;background_background&quot;:&quot;classic&quot;}\">\n\t\t\t\t\t\t\t<div class=\"elementor-background-overlay\"><\/div>\n\t\t\t\t\t\t\t<div class=\"elementor-container elementor-column-gap-default\">\n\t\t\t\t\t<div class=\"elementor-column elementor-col-100 elementor-top-column elementor-element elementor-element-52b9d6f\" data-id=\"52b9d6f\" data-element_type=\"column\" data-e-type=\"column\">\n\t\t\t<div class=\"elementor-widget-wrap elementor-element-populated\">\n\t\t\t\t\t\t<div class=\"elementor-element elementor-element-ada2303 elementor-invisible elementor-widget elementor-widget-price-list\" data-id=\"ada2303\" data-element_type=\"widget\" data-e-type=\"widget\" data-settings=\"{&quot;_animation&quot;:&quot;fadeIn&quot;}\" data-widget_type=\"price-list.default\">\n\t\t\t\t<div class=\"elementor-widget-container\">\n\t\t\t\t\t\n\t\t<ul class=\"elementor-price-list\">\n\n\t\t\t\t\t\t\t\t\t<li class=\"elementor-price-list-item\">\t\t\t\t\n\t\t\t\t<div class=\"elementor-price-list-text\">\n\t\t\t\t\t\t\t\t\t<div class=\"elementor-price-list-header\">\n\t\t\t\t\t\t\t\t\t\t\t<span class=\"elementor-price-list-title\">\n\t\t\t\t\t\t\tClassic Room\t\t\t\t\t\t<\/span>\n\t\t\t\t\t\t\t\t\t\t\t\t\t\t\t\t\t\t<span class=\"elementor-price-list-separator\"><\/span>\n\t\t\t\t\t\t\t\t\t\t\t\t\t\t\t\t\t\t\t<span class=\"elementor-price-list-price\">from \u20ac129<\/span>\n\t\t\t\t\t\t\t\t\t\t<\/div>\n\t\t\t\t\t\t\t\t\t\t\t\t<\/div>\n\t\t\t\t<\/li>\t\t\t\t\t\t\t\t\t\t\t\t<li class=\"elementor-price-list-item\">\t\t\t\t\n\t\t\t\t<div class=\"elementor-price-list-text\">\n\t\t\t\t\t\t\t\t\t<div class=\"elementor-price-list-header\">\n\t\t\t\t\t\t\t\t\t\t\t<span class=\"elementor-price-list-title\">\n\t\t\t\t\t\t\tSuperior room with garden view\t\t\t\t\t\t<\/span>\n\t\t\t\t\t\t\t\t\t\t\t\t\t\t\t\t\t\t<span class=\"elementor-price-list-separator\"><\/span>\n\t\t\t\t\t\t\t\t\t\t\t\t\t\t\t\t\t\t\t<span class=\"elementor-price-list-price\">from \u20ac175<\/span>\n\t\t\t\t\t\t\t\t\t\t<\/div>\n\t\t\t\t\t\t\t\t\t\t\t\t<\/div>\n\t\t\t\t<\/li>\t\t\t\t\t\t\t\t\t\t\t\t<li class=\"elementor-price-list-item\">\t\t\t\t\n\t\t\t\t<div class=\"elementor-price-list-text\">\n\t\t\t\t\t\t\t\t\t<div class=\"elementor-price-list-header\">\n\t\t\t\t\t\t\t\t\t\t\t<span class=\"elementor-price-list-title\">\n\t\t\t\t\t\t\tSuperior room with Gordes view\t\t\t\t\t\t<\/span>\n\t\t\t\t\t\t\t\t\t\t\t\t\t\t\t\t\t\t<span class=\"elementor-price-list-separator\"><\/span>\n\t\t\t\t\t\t\t\t\t\t\t\t\t\t\t\t\t\t\t<span class=\"elementor-price-list-price\">from \u20ac185<\/span>\n\t\t\t\t\t\t\t\t\t\t<\/div>\n\t\t\t\t\t\t\t\t\t\t\t\t<\/div>\n\t\t\t\t<\/li>\t\t\t\t\t\t\t\t\t\t\t\t<li class=\"elementor-price-list-item\">\t\t\t\t\n\t\t\t\t<div class=\"elementor-price-list-text\">\n\t\t\t\t\t\t\t\t\t<div class=\"elementor-price-list-header\">\n\t\t\t\t\t\t\t\t\t\t\t<span class=\"elementor-price-list-title\">\n\t\t\t\t\t\t\tPrestige room\t\t\t\t\t\t<\/span>\n\t\t\t\t\t\t\t\t\t\t\t\t\t\t\t\t\t\t<span class=\"elementor-price-list-separator\"><\/span>\n\t\t\t\t\t\t\t\t\t\t\t\t\t\t\t\t\t\t\t<span class=\"elementor-price-list-price\">from \u20ac219<\/span>\n\t\t\t\t\t\t\t\t\t\t<\/div>\n\t\t\t\t\t\t\t\t\t\t\t\t<\/div>\n\t\t\t\t<\/li>\t\t\t\t\t\t\t\t\t\t\t\t<li class=\"elementor-price-list-item\">\t\t\t\t\n\t\t\t\t<div class=\"elementor-price-list-text\">\n\t\t\t\t\t\t\t\t\t<div class=\"elementor-price-list-header\">\n\t\t\t\t\t\t\t\t\t\t\t<span class=\"elementor-price-list-title\">\n\t\t\t\t\t\t\tFamily Room\t\t\t\t\t\t<\/span>\n\t\t\t\t\t\t\t\t\t\t\t\t\t\t\t\t\t\t<span class=\"elementor-price-list-separator\"><\/span>\n\t\t\t\t\t\t\t\t\t\t\t\t\t\t\t\t\t\t\t<span class=\"elementor-price-list-price\">from \u20ac217<\/span>\n\t\t\t\t\t\t\t\t\t\t<\/div>\n\t\t\t\t\t\t\t\t\t\t\t\t<\/div>\n\t\t\t\t<\/li>\t\t\t\t\t\n\t\t<\/ul>\n\n\t\t\t\t\t\t<\/div>\n\t\t\t\t<\/div>\n\t\t\t\t<section class=\"elementor-section elementor-inner-section elementor-element elementor-element-9a93d00 ecrantype1 inverse elementor-reverse-mobile elementor-section-boxed elementor-section-height-default elementor-section-height-default elementor-invisible\" data-id=\"9a93d00\" data-element_type=\"section\" data-e-type=\"section\" data-settings=\"{&quot;background_background&quot;:&quot;classic&quot;,&quot;animation&quot;:&quot;fadeIn&quot;}\">\n\t\t\t\t\t\t<div class=\"elementor-container elementor-column-gap-default\">\n\t\t\t\t\t<div class=\"elementor-column elementor-col-100 elementor-inner-column elementor-element elementor-element-d0afb1f\" data-id=\"d0afb1f\" data-element_type=\"column\" data-e-type=\"column\">\n\t\t\t<div class=\"elementor-widget-wrap elementor-element-populated\">\n\t\t\t\t\t\t<div class=\"elementor-element elementor-element-5ee1191 elementor-invisible elementor-widget elementor-widget-price-list\" data-id=\"5ee1191\" data-element_type=\"widget\" data-e-type=\"widget\" data-settings=\"{&quot;_animation&quot;:&quot;fadeIn&quot;,&quot;_animation_delay&quot;:200}\" data-widget_type=\"price-list.default\">\n\t\t\t\t<div class=\"elementor-widget-container\">\n\t\t\t\t\t\n\t\t<ul class=\"elementor-price-list\">\n\n\t\t\t\t\t\t\t\t\t<li class=\"elementor-price-list-item\">\t\t\t\t\n\t\t\t\t<div class=\"elementor-price-list-text\">\n\t\t\t\t\t\t\t\t\t<div class=\"elementor-price-list-header\">\n\t\t\t\t\t\t\t\t\t\t\t<span class=\"elementor-price-list-title\">\n\t\t\t\t\t\t\tAdult YP\t\t\t\t\t\t<\/span>\n\t\t\t\t\t\t\t\t\t\t\t\t\t\t\t\t\t\t<span class=\"elementor-price-list-separator\"><\/span>\n\t\t\t\t\t\t\t\t\t\t\t\t\t\t\t\t\t\t\t<span class=\"elementor-price-list-price\">17\u20ac<\/span>\n\t\t\t\t\t\t\t\t\t\t<\/div>\n\t\t\t\t\t\t\t\t\t\t\t\t<\/div>\n\t\t\t\t<\/li>\t\t\t\t\t\t\t\t\t\t\t\t<li class=\"elementor-price-list-item\">\t\t\t\t\n\t\t\t\t<div class=\"elementor-price-list-text\">\n\t\t\t\t\t\t\t\t\t<div class=\"elementor-price-list-header\">\n\t\t\t\t\t\t\t\t\t\t\t<span class=\"elementor-price-list-title\">\n\t\t\t\t\t\t\tChildren's DDP (up to 10 years)\t\t\t\t\t\t<\/span>\n\t\t\t\t\t\t\t\t\t\t\t\t\t\t\t\t\t\t<span class=\"elementor-price-list-separator\"><\/span>\n\t\t\t\t\t\t\t\t\t\t\t\t\t\t\t\t\t\t\t<span class=\"elementor-price-list-price\">10\u20ac<\/span>\n\t\t\t\t\t\t\t\t\t\t<\/div>\n\t\t\t\t\t\t\t\t\t\t\t\t<\/div>\n\t\t\t\t<\/li>\t\t\t\t\t\t\t\t\t\t\t\t<li class=\"elementor-price-list-item\">\t\t\t\t\n\t\t\t\t<div class=\"elementor-price-list-text\">\n\t\t\t\t\t\t\t\t\t<div class=\"elementor-price-list-header\">\n\t\t\t\t\t\t\t\t\t\t\t<span class=\"elementor-price-list-title\">\n\t\t\t\t\t\t\tExtra bed (family room only)\t\t\t\t\t\t<\/span>\n\t\t\t\t\t\t\t\t\t\t\t\t\t\t\t\t\t\t<span class=\"elementor-price-list-separator\"><\/span>\n\t\t\t\t\t\t\t\t\t\t\t\t\t\t\t\t\t\t\t<span class=\"elementor-price-list-price\">21\u20ac<\/span>\n\t\t\t\t\t\t\t\t\t\t<\/div>\n\t\t\t\t\t\t\t\t\t\t\t\t<\/div>\n\t\t\t\t<\/li>\t\t\t\t\t\t\t\t\t\t\t\t<li class=\"elementor-price-list-item\">\t\t\t\t\n\t\t\t\t<div class=\"elementor-price-list-text\">\n\t\t\t\t\t\t\t\t\t<div class=\"elementor-price-list-header\">\n\t\t\t\t\t\t\t\t\t\t\t<span class=\"elementor-price-list-title\">\n\t\t\t\t\t\t\tCot (up to 2 years)\t\t\t\t\t\t<\/span>\n\t\t\t\t\t\t\t\t\t\t\t\t\t\t\t\t\t\t<span class=\"elementor-price-list-separator\"><\/span>\n\t\t\t\t\t\t\t\t\t\t\t\t\t\t\t\t\t\t\t<span class=\"elementor-price-list-price\">15\u20ac<\/span>\n\t\t\t\t\t\t\t\t\t\t<\/div>\n\t\t\t\t\t\t\t\t\t\t\t\t<\/div>\n\t\t\t\t<\/li>\t\t\t\t\t\t\t\t\t\t\t\t<li class=\"elementor-price-list-item\">\t\t\t\t\n\t\t\t\t<div class=\"elementor-price-list-text\">\n\t\t\t\t\t\t\t\t\t<div class=\"elementor-price-list-header\">\n\t\t\t\t\t\t\t\t\t\t\t<span class=\"elementor-price-list-title\">\n\t\t\t\t\t\t\tAnimal\t\t\t\t\t\t<\/span>\n\t\t\t\t\t\t\t\t\t\t\t\t\t\t\t\t\t\t<span class=\"elementor-price-list-separator\"><\/span>\n\t\t\t\t\t\t\t\t\t\t\t\t\t\t\t\t\t\t\t<span class=\"elementor-price-list-price\">20\u20ac<\/span>\n\t\t\t\t\t\t\t\t\t\t<\/div>\n\t\t\t\t\t\t\t\t\t\t\t\t<\/div>\n\t\t\t\t<\/li>\t\t\t\t\t\n\t\t<\/ul>\n\n\t\t\t\t\t\t<\/div>\n\t\t\t\t<\/div>\n\t\t\t\t\t<\/div>\n\t\t<\/div>\n\t\t\t\t\t<\/div>\n\t\t<\/section>\n\t\t\t\t\t<\/div>\n\t\t<\/div>\n\t\t\t\t\t<\/div>\n\t\t<\/section>\n\t\t\t\t<section class=\"elementor-section elementor-top-section elementor-element elementor-element-ec2da04 elementor-section-height-min-height elementor-section-boxed elementor-section-height-default elementor-section-items-middle\" data-id=\"ec2da04\" data-element_type=\"section\" data-e-type=\"section\" data-settings=\"{&quot;background_background&quot;:&quot;classic&quot;}\">\n\t\t\t\t\t\t\t<div class=\"elementor-background-overlay\"><\/div>\n\t\t\t\t\t\t\t<div class=\"elementor-container elementor-column-gap-default\">\n\t\t\t\t\t<div class=\"elementor-column elementor-col-100 elementor-top-column elementor-element elementor-element-f5391d2\" data-id=\"f5391d2\" data-element_type=\"column\" data-e-type=\"column\" data-settings=\"{&quot;background_background&quot;:&quot;classic&quot;}\">\n\t\t\t<div class=\"elementor-widget-wrap\">\n\t\t\t\t\t\t\t<\/div>\n\t\t<\/div>\n\t\t\t\t\t<\/div>\n\t\t<\/section>\n\t\t\t\t<section class=\"elementor-section elementor-top-section elementor-element elementor-element-c3c2d49 elementor-section-boxed elementor-section-height-default elementor-section-height-default\" data-id=\"c3c2d49\" data-element_type=\"section\" data-e-type=\"section\">\n\t\t\t\t\t\t<div class=\"elementor-container elementor-column-gap-default\">\n\t\t\t\t\t<div class=\"elementor-column elementor-col-100 elementor-top-column elementor-element elementor-element-af84a07 elementor-invisible\" data-id=\"af84a07\" data-element_type=\"column\" data-e-type=\"column\" data-settings=\"{&quot;background_background&quot;:&quot;classic&quot;,&quot;animation&quot;:&quot;fadeInUp&quot;,&quot;animation_delay&quot;:300,&quot;animation_mobile&quot;:&quot;none&quot;}\">\n\t\t\t<div class=\"elementor-widget-wrap elementor-element-populated\">\n\t\t\t\t\t\t<div class=\"elementor-element elementor-element-b6bc69b elementor-widget elementor-widget-heading\" data-id=\"b6bc69b\" data-element_type=\"widget\" data-e-type=\"widget\" data-widget_type=\"heading.default\">\n\t\t\t\t<div class=\"elementor-widget-container\">\n\t\t\t\t\t<h2 class=\"elementor-heading-title elementor-size-default\">General terms and conditions of sale<\/h2>\t\t\t\t<\/div>\n\t\t\t\t<\/div>\n\t\t\t\t<div class=\"elementor-element elementor-element-a4bd2df elementor-widget elementor-widget-text-editor\" data-id=\"a4bd2df\" data-element_type=\"widget\" data-e-type=\"widget\" data-widget_type=\"text-editor.default\">\n\t\t\t\t<div class=\"elementor-widget-container\">\n\t\t\t\t\t\t\t\t\t<p>1\u00b0) RESERVATION :<br>Reservations and any changes must be confirmed by e-mail or post. You must indicate the name of the client, the dates of stay, the number of people per room, the age of the children, the type of room and the time of arrival.<\/p>\n<p>2\u00b0) ARRIVAL and DEPARTURE:<br>Late arrivals must be notified at the time of booking.<br>Check in is guaranteed between 16:00 and 21:00.<br>Check out is no later than 11 am.<br>If the rooms are not vacated at the specified times, a charge of 50% of the room price will be made<br>until 5 pm and 100% of the room rate after 5 pm.<\/p>\n<p>3\u00b0) ALLOCATION OF ROOMS:<br>We are committed to doing our best to meet guests' requests, but we cannot guarantee a room name.<\/p>\n<p>4\u00b0) BOOKING CONDITIONS FOR INDIVIDUALS:<br>Any confirmation of a reservation for a non-cancellable, non-exchangeable, non-refundable and\/or promotional product is made by paying a deposit equivalent to the total amount of the stay. In case of payment by bank transfer, only the net amount will be taken into account as the value of the payment.<br>The deposit must be paid by bank transfer or direct debit. The copy of the transfer order, mentioning the name and the dates of stay, must be sent to us by e-mail.<br>Failure to pay the deposit within 48 hours will result in automatic cancellation of the booking.<br>The payment of the deposit automatically and de facto commits the client to the acceptance without modification of the general sales and cancellation conditions.<br>The package rates (B&amp;B, half-board, ...) are to be considered as made up of indivisible elements<br>and non-refundable in case of non-use. Compensation between lunch and dinner is not possible.<br>The bill for extras and miscellaneous expenses must be paid on the spot and must be guaranteed in advance by credit card. The concierge service fee is 5% of the amount of the service booked through this channel with a minimum of 5 euros.<br>As the number of parking spaces is limited and only intended for the hotel's clientele, you may be asked to register your vehicle upon arrival.<br>Access to the car park is free from 7.30am to 9pm. An access code will be given to you for use outside these hours.<br>A credit card authorisation will be requested at the time of booking to guarantee the extras and the stay.<br>The offers and other promotions are valid at a moment \"T\" and are in no case cumulative and\/or retroactive.<br>Any theft or damage in the rooms and their terraces or in the common areas will be subject to<br>refund from the customer.<\/p>\n<p>Our rates are based on a double room for any use of a double bed and a supplement will be charged for any use of an extra bed in the room.&nbsp;<br>Our establishment does not allow bottles of alcohol (wine, aperitif, champagne) to be brought in from outside even if a corkage fee is paid.<br>Modification of the booked stay: For any shortened stay, early departure, late arrival, the full amount of the confirmed stay will be due.<br>The client is reminded, in accordance with article L. 121-21-8 12\u00b0 of the French Consumer Code, that he\/she does not have the right of withdrawal provided for in article L. 121-21 of the Consumer Code. The conditions of sale of the reserved fare specify the terms and conditions for cancelling and\/or modifying the reservation.<\/p>\n<p>5\u00b0) BOOKING CONDITIONS FOR GROUPS and TO :<br>Your reservation must be confirmed in writing, signed and stamped with the mention \"good for agreement\".<br>The deposit, representing 50% of the total amount of the stay, must be sent upon confirmation and the reservation will only be firm and definitive upon receipt of this deposit.<br>Failure to pay the deposit within 5 days will result in automatic cancellation of the booking.<br>The deposit must be paid by bank transfer or direct debit. The copy of the transfer order, mentioning the name and the dates of stay, must be sent to us by e-mail.<br>The balance of the pro forma invoice must be paid at the latest 1 month before the arrival of the clients.<br>We remind you that due to the number of requests we have on the same dates, the rooms will be granted to the first client to confirm in writing and by paying the deposit.<br>As the number of parking spaces is limited and only intended for the hotel's clientele, you may be asked to register your vehicle upon arrival.<br>Access to the car park is free from 7am to 10.30pm. An access code will be given to you for use outside these hours.<br>A credit card authorisation will be requested at the time of booking to guarantee the extras and the stay.<br>The client is reminded, in accordance with article L. 121-21-8 12\u00b0 of the French Consumer Code, that he\/she does not have the right of withdrawal provided for in article L. 121-21 of the Consumer Code. The conditions of sale of the reserved fare specify the terms and conditions for cancelling and\/or modifying the reservation.<br>Any theft or damage in the rooms and their terraces or in the common areas will be subject to<br>refund from the customer.<br>Our establishment does not allow bottles of alcohol (wine, aperitif, champagne) to be brought in from outside even if a corkage fee is paid.<br>Modification of the booked stay: For any shortened stay, early departure, late arrival, the full amount of the confirmed stay will be due.<br>The client is reminded, in accordance with article L. 121-21-8 12\u00b0 of the French Consumer Code, that he\/she does not have the right of withdrawal provided for in article L. 121-21 of the Consumer Code. The conditions of sale of the reserved fare specify the terms and conditions for cancelling and\/or modifying the reservation.<br>The cancellation policy below for groups is only valid in case of total cancellation of the stay.<br>In case of partial cancellation (reduction of services, number of rooms or persons) the signed quote will be used as the MINIMUM basis for invoicing at any date.<\/p>\n<p>6\u00b0) CONDITIONS OF CANCELLATION (individual) :<br>In the event of total or partial cancellation of the stay, the compensation due by the client is calculated on the<br>total amount of confirmed and cancelled services as follows:<br>Cancellation between the date of confirmation of the reservation and 7 days before the date of arrival :<br>No charge.<br>Cancellation between 7 days and arrival date :<br>100% will be charged for the entire stay.<br>Modification of the booked stay: For any shortened stay, early departure, late arrival, the full amount of the confirmed stay will be due.<br>It is advisable for our customers to take out travel cancellation insurance in order to be able to<br>reimbursed by the latter in the event of total or partial cancellation of its stay.<\/p>\n<p>7\u00b0) CANCELLATION CONDITIONS (group and TO) :<br>In the event of total or partial cancellation of the stay, the compensation due by the client is calculated on the<br>total amount of confirmed and cancelled services as follows:<br>Cancellation between the date of confirmation of the reservation and 30 days before the arrival date :<br>A flat fee of 35 euros will be charged.<br>Cancellation between 29 days before the arrival date and the arrival date :<br>100% will be charged for the entire stay.<br>Modification of the booked stay: For any shortened stay, early departure, late arrival, the full amount of the confirmed stay will be due.<\/p>\n<p>8\u00b0) DEDUCTION OF DEPOSIT:<br>The deposit must be paid by bank transfer or direct debit. The copy of the transfer order, mentioning the name and the dates of stay, must be sent to us by e-mail.<br>In the case of payment by bank transfer, only the net amount will be taken into account as the value of the payment.<br>The written confirmation of the stay by the client implies acceptance of the remote debit of the client's bank card. The client may not in any way protect himself against any fraudulent use of the establishment with regard to the payment of the deposit.<\/p>\n<p>9\u00b0) TARIFFS:<br>The rates may be modified at any time according to the evolution of the taxes in force.<\/p>\n<p>10\u00b0) TRAVEL INSURANCE :<br>The hotel cannot be held responsible for events of any kind that may result in a loss of<br>In case of cancellation or modification of your stay, we recommend that you take out travel insurance. The hotel will also provide you with any documents proving your financial commitment to the initial stay for any purpose.<\/p>\n<p>11\u00b0) ACCOMMODATION:<br>In the event of non-availability or force majeure, the establishment reserves the right to make<br>to accommodate the participants in whole or in part in a nearby hotel of equivalent category for services of the same nature, the costs inherent in the transfer remaining at the expense of the establishment, which may not be sought to pay any additional compensation.<\/p>\n<p>12\u00b0) CLAIMS AND DISPUTES :<br>Any dispute or complaint must be sent to the hotel by registered letter with acknowledgement of receipt within 5 days of the guest's departure.<\/p>\n<p>11\u00b0) PRIVACY POLICY :<br>Refer to the website for the use of a double bed&nbsp;<\/p>\t\t\t\t\t\t\t\t<\/div>\n\t\t\t\t<\/div>\n\t\t\t\t\t<\/div>\n\t\t<\/div>\n\t\t\t\t\t<\/div>\n\t\t<\/section>\n\t\t\t\t<\/div>","protected":false},"excerpt":{"rendered":"<p>TARIFS D\u00e9couvrez les tarifs En vigueur au Mas des Romarins Organisez d\u00e8s aujourd&rsquo;hui votre s\u00e9jour dans notre h\u00f4tel \u00e0 Gordes. Nos tarifs sont sur la base d&rsquo;une chambre double pour l&rsquo;utilisation du lit double. Les prix affich\u00e9s sont nets en Euros. Chambre Classique \u00e0 partir de 129\u20ac Chambre sup\u00e9rieure vue jardin \u00e0 partir de 175\u20ac [&hellip;]<\/p>\n","protected":false},"author":6,"featured_media":0,"parent":0,"menu_order":0,"comment_status":"closed","ping_status":"closed","template":"","meta":{"inline_featured_image":false,"footnotes":""},"class_list":["post-241","page","type-page","status-publish","hentry"],"_links":{"self":[{"href":"https:\/\/www.masromarins.com\/en\/wp-json\/wp\/v2\/pages\/241","targetHints":{"allow":["GET"]}}],"collection":[{"href":"https:\/\/www.masromarins.com\/en\/wp-json\/wp\/v2\/pages"}],"about":[{"href":"https:\/\/www.masromarins.com\/en\/wp-json\/wp\/v2\/types\/page"}],"author":[{"embeddable":true,"href":"https:\/\/www.masromarins.com\/en\/wp-json\/wp\/v2\/users\/6"}],"replies":[{"embeddable":true,"href":"https:\/\/www.masromarins.com\/en\/wp-json\/wp\/v2\/comments?post=241"}],"version-history":[{"count":73,"href":"https:\/\/www.masromarins.com\/en\/wp-json\/wp\/v2\/pages\/241\/revisions"}],"predecessor-version":[{"id":3804,"href":"https:\/\/www.masromarins.com\/en\/wp-json\/wp\/v2\/pages\/241\/revisions\/3804"}],"wp:attachment":[{"href":"https:\/\/www.masromarins.com\/en\/wp-json\/wp\/v2\/media?parent=241"}],"curies":[{"name":"wp","href":"https:\/\/api.w.org\/{rel}","templated":true}]}}